{"id":9,"date":"2023-06-23T09:54:47","date_gmt":"2023-06-23T07:54:47","guid":{"rendered":"http:\/\/lacourroieasso.fr\/?page_id=9"},"modified":"2025-02-12T15:12:21","modified_gmt":"2025-02-12T14:12:21","slug":"a-propos-de","status":"publish","type":"page","link":"https:\/\/lacourroieasso.fr\/","title":{"rendered":"ACCUEIL"},"content":{"rendered":"\n<p>Cr\u00e9\u00e9e en 2010, l&rsquo;association la <strong>COURROIE<\/strong> regroupe les responsables, vice-pr\u00e9sidents, charg\u00e9s de mission, directeurs\u2026 impliqu\u00e9s dans les missions de l\u2019orientation et de l\u2019insertion professionnelle au sein de nos \u00e9tablissements. Aujourd&rsquo;hui notre association regroupe 71 universit\u00e9s soit pr\u00e8s de 400 membres actifs<strong>.<\/strong><\/p>\n\n\n\n<p>L\u2019association se fixe notamment pour buts de :<\/p>\n\n\n\n<ul class=\"wp-block-list\">\n<li>favoriser les \u00e9changes, les partages et l\u2019actualisation de bonnes pratiques, d\u2019informations, d\u2019outils, d\u2019exp\u00e9riences entre ses membres notamment via des formations ;<\/li>\n\n\n\n<li>favoriser l\u2019organisation des Journ\u00e9es Nationales de l\u2019Orientation et de l\u2019Insertion Professionnelle (JNOIP), des Journ\u00e9es th\u00e9matiques ou tout \u00e9v\u00e9nement relevant de ses champs d\u2019actions ;<\/li>\n\n\n\n<li>participer, dans la mesure de ses moyens, \u00e0 toute manifestation, tout groupe de travail ou de r\u00e9flexion dont l\u2019objet rentre dans son p\u00e9rim\u00e8tre ;<\/li>\n\n\n\n<li>contribuer \u00e0 la r\u00e9flexion des \u00e9tablissements sur leurs missions d\u2019accompagnements en tant que force de proposition ;<\/li>\n\n\n\n<li>contribuer au dialogue avec les instances de tutelle et les structures (associations, agences) en charge de la coordination et de la mise en r\u00e9seau des universit\u00e9s (CPU, AMUE,&#8230;) ;<\/li>\n\n\n\n<li>\u00e9tablir, le cas \u00e9ch\u00e9ant, des partenariats avec diff\u00e9rents acteurs publics, parapublics et priv\u00e9s proposant des actions dans le cadre pr\u00e9cit\u00e9.<\/li>\n<\/ul>\n\n\n\n<p><strong>La Courroie, un r\u00f4le d\u2019expertise \u00e0 l\u2019\u00e9chelle nationale,<\/strong> repr\u00e9sent\u00e9e dans de nombreuses instances, commissions, groupes de travail afin de porter les enjeux de &nbsp;l\u2019orientation et de l\u2019insertion professionnelle, de toujours d\u00e9fendre les int\u00e9r\u00eats de nos usagers, nos personnels et de nos \u00e9tablissements (CNESER, Comit\u00e9 de suivi LMD, Commission Formation Insertion Professionnelle de la France Universit\u00e9s, rencontres mensuelles entre la COURROIE&nbsp; et les services de la DGESIP.<br>Nous travaillons \u00e9galement en collaboration avec la Conf\u00e9rence des Directeurs des Services de la Formation Continue Universitaire, le r\u00e9seau des VP des Commissions des Formations et de la Vie Universitaire, le r\u00e9seau des observatoires (R\u00e9sosup)\u2026<\/p>\n\n\n\n<p><strong>La Courroie, une association ressource pour les personnels d\u2019orientation et d\u2019insertion professionnelle des universit\u00e9s<\/strong> <br>Nous organisons, chaque semaine, une rencontre \u00e0 distance, r\u00e9unissant les coll\u00e8gues des services d\u2019orientation et d\u2019insertion professionnelle, afin d\u2019\u00e9changer autour des dossiers d\u2019actualit\u00e9s et de favoriser l\u2019\u00e9change de pratiques. Nous d\u00e9veloppons des groupes de travail th\u00e9matiques permettant des coconstructions de dispositifs entre les SUIOIP de diff\u00e9rentes universit\u00e9s.<br>Un plan de formation, adapt\u00e9 aux besoins des personnels, est \u00e9galement \u00e9labor\u00e9 et propos\u00e9 par le groupe de travail Formation de la COURROIE. Nous proposons actuellement une 15 aine de th\u00e9matiques dispens\u00e9es plusieurs fois par an sur le territoire.<\/p>\n\n\n\n<p><a href=\"http:\/\/lacourroieasso.fr\/wp-content\/uploads\/2025\/02\/Statuts-de-la-COURROIE-1.pdf\">Statuts de la COURROIE<\/a><\/p>\n\n\n\n<hr class=\"wp-block-separator has-alpha-channel-opacity\"\/>\n","protected":false},"excerpt":{"rendered":"<p>Cr\u00e9\u00e9e en 2010, l&rsquo;association la COURROIE regroupe les responsables, vice-pr\u00e9sidents, charg\u00e9s de mission, directeurs\u2026 impliqu\u00e9s dans les missions de l\u2019orientation et de l\u2019insertion professionnelle au sein de nos \u00e9tablissements. Aujourd&rsquo;hui notre association regroupe 71 universit\u00e9s soit pr\u00e8s de 400 membres &hellip; <a href=\"https:\/\/lacourroieasso.fr\/\">Continuer la lecture <span class=\"meta-nav\">&rarr;<\/span><\/a><\/p>\n","protected":false},"author":3,"featured_media":0,"parent":0,"menu_order":0,"comment_status":"closed","ping_status":"closed","template":"","meta":{"footnotes":""},"class_list":["post-9","page","type-page","status-publish","hentry"],"_links":{"self":[{"href":"https:\/\/lacourroieasso.fr\/index.php\/wp-json\/wp\/v2\/pages\/9","targetHints":{"allow":["GET"]}}],"collection":[{"href":"https:\/\/lacourroieasso.fr\/index.php\/wp-json\/wp\/v2\/pages"}],"about":[{"href":"https:\/\/lacourroieasso.fr\/index.php\/wp-json\/wp\/v2\/types\/page"}],"author":[{"embeddable":true,"href":"https:\/\/lacourroieasso.fr\/index.php\/wp-json\/wp\/v2\/users\/3"}],"replies":[{"embeddable":true,"href":"https:\/\/lacourroieasso.fr\/index.php\/wp-json\/wp\/v2\/comments?post=9"}],"version-history":[{"count":13,"href":"https:\/\/lacourroieasso.fr\/index.php\/wp-json\/wp\/v2\/pages\/9\/revisions"}],"predecessor-version":[{"id":1275,"href":"https:\/\/lacourroieasso.fr\/index.php\/wp-json\/wp\/v2\/pages\/9\/revisions\/1275"}],"wp:attachment":[{"href":"https:\/\/lacourroieasso.fr\/index.php\/wp-json\/wp\/v2\/media?parent=9"}],"curies":[{"name":"wp","href":"https:\/\/api.w.org\/{rel}","templated":true}]}}