{"id":66,"date":"2023-06-27T17:19:20","date_gmt":"2023-06-27T15:19:20","guid":{"rendered":"http:\/\/lacourroieasso.fr\/?page_id=66"},"modified":"2025-11-03T23:40:03","modified_gmt":"2025-11-03T22:40:03","slug":"membres-du-ca","status":"publish","type":"page","link":"https:\/\/lacourroieasso.fr\/index.php\/membres-du-ca\/","title":{"rendered":"MEMBRES DU CA"},"content":{"rendered":"<ul class=\"ca-list\">\n<li class=\"ca-item\">\n      <img decoding=\"async\" class=\"ca-photo\" src=\"http:\/\/lacourroieasso.fr\/wp-content\/uploads\/2023\/07\/Severine-Bagot-VF.jpg\" alt=\"S\u00e9verine BAGOT-RENAULT\"><\/p>\n<div class=\"ca-info\">\n<div class=\"ca-name\">S\u00e9verine BAGOT-RENAULT<\/div>\n<div class=\"ca-fonction\">Responsable BAIP<\/div>\n<div class=\"ca-org\">Universit\u00e9 de Rouen Normandie<\/div>\n<\/p><\/div>\n<\/li>\n<li class=\"ca-item\">\n  <img decoding=\"async\" class=\"ca-photo\" src=\"http:\/\/lacourroieasso.fr\/wp-content\/uploads\/2025\/10\/portrait-SCG.jpg\" alt=\"Sabine CHAUPAIN GUILLOT\" loading=\"lazy\"><\/p>\n<div class=\"ca-info\">\n<div class=\"ca-name\">Sabine CHAUPAIN GUILLOT<\/div>\n<div class=\"ca-role\">Pr\u00e9sidente de la COURROIE<\/div>\n<div class=\"ca-fonction\">Directrice du Service d&rsquo;Orientation et d&rsquo;Insertion Professionnelle (SOIP)<\/div>\n<div class=\"ca-org\">Universit\u00e9 de Lorraine<\/div>\n<\/p><\/div>\n<\/li>\n<li class=\"ca-item\">\n  <img decoding=\"async\" class=\"ca-photo\" src=\"http:\/\/lacourroieasso.fr\/wp-content\/uploads\/2023\/06\/Photo-Amandine-VF.jpg\" alt=\"Amandine COURTADON\" loading=\"lazy\"><\/p>\n<div class=\"ca-info\">\n<div class=\"ca-name\">Amandine COURTADON<\/div>\n<div class=\"ca-role\">Vice-Pr\u00e9sidente de la COURROIE<\/div>\n<div class=\"ca-fonction\">Directrice de l&rsquo;orientation et de l&rsquo;insertion<\/div>\n<div class=\"ca-org\">La Rochelle Universit\u00e9<\/div>\n<\/p><\/div>\n<\/li>\n<li class=\"ca-item\">\n  <img decoding=\"async\" class=\"ca-photo\" src=\"http:\/\/lacourroieasso.fr\/wp-content\/uploads\/2023\/07\/Frederic-Faucher-VF.jpg\" alt=\"Fr\u00e9d\u00e9ric FAUCHER\" loading=\"lazy\"><\/p>\n<div class=\"ca-info\">\n<div class=\"ca-name\">Fr\u00e9d\u00e9ric FAUCHER<\/div>\n<div class=\"ca-fonction\">Responsable administratif du SCUIO-IP<\/div>\n<div class=\"ca-org\">Universit\u00e9 de Montpellier<\/div>\n<\/p><\/div>\n<\/li>\n<ul class=\"ca-list\">\n<li class=\"ca-item\">\n      <img decoding=\"async\" class=\"ca-photo\" src=\"https:\/\/lacourroieasso.fr\/wp-content\/uploads\/2025\/09\/Valerie-GUILLAUME-.jpg\" alt=\"Val\u00e9rie GUILLAUME\"><\/p>\n<div class=\"ca-info\">\n<div class=\"ca-name\">Val\u00e9rie GUILLAUME<\/div>\n<div class=\"ca-role\">Secr\u00e9taire de la COURROIE<\/div>\n<div class=\"ca-fonction\">Directrice du Service Orientation, Insertion et Entrepreneuriat (SOIE)<\/div>\n<div class=\"ca-org\">Universit\u00e9 de Rennes<\/div>\n<\/p><\/div>\n<\/li>\n<li class=\"ca-item\">\n  <img decoding=\"async\" class=\"ca-photo\" src=\"http:\/\/lacourroieasso.fr\/wp-content\/uploads\/2023\/10\/photo-pascal.jpeg\" alt=\"Pascal HAUQUIN\" loading=\"lazy\"><\/p>\n<div class=\"ca-info\">\n<div class=\"ca-name\">Pascal HAUQUIN<\/div>\n<div class=\"ca-role\">Vice-Pr\u00e9sident de la COURROIE<\/div>\n<div class=\"ca-fonction\">Directeur Orientation, Stage et Insertion Professionnelle<\/div>\n<div class=\"ca-org\">Universit\u00e9 Bordeaux Montaigne<\/div>\n<\/p><\/div>\n<\/li>\n<li class=\"ca-item\">\n  <img decoding=\"async\" class=\"ca-photo\" src=\"http:\/\/lacourroieasso.fr\/wp-content\/uploads\/2023\/07\/Muriel-Henry-VF.jpg\" alt=\"Muriel HENRY\" loading=\"lazy\"><\/p>\n<div class=\"ca-info\">\n<div class=\"ca-name\">Muriel HENRY<\/div>\n<div class=\"ca-fonction\">Directrice du P\u00f4le Formation et Vie Universitaire<\/div>\n<div class=\"ca-org\">Universit\u00e9 de Bourgogne Europe<\/div>\n<\/p><\/div>\n<\/li>\n<li class=\"ca-item\">\n  <img decoding=\"async\" class=\"ca-photo\" src=\"http:\/\/lacourroieasso.fr\/wp-content\/uploads\/2025\/10\/photo-la-courroie.png\" alt=\"Maud LE HUNG\" loading=\"lazy\"><\/p>\n<div class=\"ca-info\">\n<div class=\"ca-name\">Maud LE HUNG<\/div>\n<div class=\"ca-fonction\">Vice Pr\u00e9sidente d\u00e9l\u00e9gu\u00e9e Orientation-Insertion Professionnelle<\/div>\n<div class=\"ca-org\">Universit\u00e9 de Toulouse<\/div>\n<\/p><\/div>\n<\/li>\n<li class=\"ca-item\">\n  <img decoding=\"async\" class=\"ca-photo\" src=\"http:\/\/lacourroieasso.fr\/wp-content\/uploads\/2023\/07\/Bernard-Blickel-VF.jpg\" alt=\"Bernard LICKEL\" loading=\"lazy\"><\/p>\n<div class=\"ca-info\">\n<div class=\"ca-name\">Bernard LICKEL<\/div>\n<div class=\"ca-fonction\">Directeur Espace Avenir<\/div>\n<div class=\"ca-org\">Universit\u00e9 de Strasbourg<\/div>\n<\/p><\/div>\n<\/li>\n<li class=\"ca-item\">\n  <img decoding=\"async\" class=\"ca-photo\" src=\"https:\/\/lacourroieasso.fr\/wp-content\/uploads\/2025\/09\/fred-meerpoel.jpeg\" alt=\"Fred MEERPO\u00cbL\" loading=\"lazy\"><\/p>\n<div class=\"ca-info\">\n<div class=\"ca-name\">Fred MEERPO\u00cbL<\/div>\n<div class=\"ca-fonction\">Responsable du Service d&rsquo;Orientation, d&rsquo;Insertion Professionnelle et d&rsquo;Accompagnement \u00e0 la R\u00e9ussite (SOIPAR\u00e9)<\/div>\n<div class=\"ca-org\">Universit\u00e9 C\u00f4te d&rsquo;Azur<\/div>\n<\/p><\/div>\n<\/li>\n<li class=\"ca-item\">\n  <img decoding=\"async\" class=\"ca-photo\" src=\"http:\/\/lacourroieasso.fr\/wp-content\/uploads\/2023\/06\/photo-Beatrice-VF.jpg\" alt=\"B\u00e9atrice PIAZZA-PARUCH\" loading=\"lazy\"><\/p>\n<div class=\"ca-info\">\n<div class=\"ca-name\">B\u00e9atrice PIAZZA-PARUCH<\/div>\n<div class=\"ca-role\">Vice-Pr\u00e9sidente de la COURROIE<\/div>\n<div class=\"ca-fonction\">Directrice de la DPEIP : Direction partenariat entreprises &#8211; insertion professionnelle<\/div>\n<div class=\"ca-org\">Universit\u00e9 Paris 1 Panth\u00e9on-Sorbonne<\/div>\n<\/p><\/div>\n<\/li>\n<li class=\"ca-item\">\n  <img decoding=\"async\" class=\"ca-photo\" src=\"http:\/\/lacourroieasso.fr\/wp-content\/uploads\/2023\/07\/Laurence-Querci-VF-1.jpg\" alt=\"Laurence QUERCI\" loading=\"lazy\"><\/p>\n<div class=\"ca-info\">\n<div class=\"ca-name\">Laurence QUERCI<\/div>\n<div class=\"ca-role\">Tr\u00e9sori\u00e8re de la COURROIE<\/div>\n<div class=\"ca-fonction\">Directrice administrative SCUIO-IP<\/div>\n<div class=\"ca-org\">Universit\u00e9 Montpellier Paul-Val\u00e9ry<\/div>\n<\/p><\/div>\n<\/li>\n<li class=\"ca-item\">\n  <img decoding=\"async\" class=\"ca-photo\" src=\"http:\/\/lacourroieasso.fr\/wp-content\/uploads\/2025\/10\/photo-la-courroie.png\" alt=\"S\u00e9verine ROYER\" loading=\"lazy\"><\/p>\n<div class=\"ca-info\">\n<div class=\"ca-name\">S\u00e9verine ROYER<\/div>\n<div class=\"ca-fonction\">Directrice de l&rsquo;Orientation et de l&rsquo;Insertion Professionnelle (DOIP)<\/div>\n<div class=\"ca-org\">Universit\u00e9 Grenoble Alpes<\/div>\n<\/p><\/div>\n<\/li>\n","protected":false},"excerpt":{"rendered":"<p>S\u00e9verine BAGOT-RENAULT Responsable BAIP Universit\u00e9 de Rouen Normandie Sabine CHAUPAIN GUILLOT Pr\u00e9sidente de la COURROIE Directrice du Service d&rsquo;Orientation et d&rsquo;Insertion Professionnelle (SOIP) Universit\u00e9 de Lorraine Amandine COURTADON Vice-Pr\u00e9sidente de la COURROIE Directrice de l&rsquo;orientation et de l&rsquo;insertion La Rochelle &hellip; <a href=\"https:\/\/lacourroieasso.fr\/index.php\/membres-du-ca\/\">Continuer la lecture <span class=\"meta-nav\">&rarr;<\/span><\/a><\/p>\n","protected":false},"author":3,"featured_media":0,"parent":0,"menu_order":0,"comment_status":"closed","ping_status":"closed","template":"","meta":{"footnotes":""},"class_list":["post-66","page","type-page","status-publish","hentry"],"_links":{"self":[{"href":"https:\/\/lacourroieasso.fr\/index.php\/wp-json\/wp\/v2\/pages\/66","targetHints":{"allow":["GET"]}}],"collection":[{"href":"https:\/\/lacourroieasso.fr\/index.php\/wp-json\/wp\/v2\/pages"}],"about":[{"href":"https:\/\/lacourroieasso.fr\/index.php\/wp-json\/wp\/v2\/types\/page"}],"author":[{"embeddable":true,"href":"https:\/\/lacourroieasso.fr\/index.php\/wp-json\/wp\/v2\/users\/3"}],"replies":[{"embeddable":true,"href":"https:\/\/lacourroieasso.fr\/index.php\/wp-json\/wp\/v2\/comments?post=66"}],"version-history":[{"count":48,"href":"https:\/\/lacourroieasso.fr\/index.php\/wp-json\/wp\/v2\/pages\/66\/revisions"}],"predecessor-version":[{"id":1277,"href":"https:\/\/lacourroieasso.fr\/index.php\/wp-json\/wp\/v2\/pages\/66\/revisions\/1277"}],"wp:attachment":[{"href":"https:\/\/lacourroieasso.fr\/index.php\/wp-json\/wp\/v2\/media?parent=66"}],"curies":[{"name":"wp","href":"https:\/\/api.w.org\/{rel}","templated":true}]}}