{"id":526,"date":"2024-10-03T15:27:34","date_gmt":"2024-10-03T13:27:34","guid":{"rendered":"https:\/\/lacourroieasso.fr\/?page_id=526"},"modified":"2025-03-04T11:54:17","modified_gmt":"2025-03-04T10:54:17","slug":"contact","status":"publish","type":"page","link":"https:\/\/lacourroieasso.fr\/index.php\/jnoip-2025\/contact\/","title":{"rendered":"Contact"},"content":{"rendered":"\n<p><strong>Renseignements et inscriptions<\/strong><br>Marion OSWALD<br>T\u00e9l : 03 68 85 65 56<br>marion.oswald@unistra.fr <\/p>\n\n\n\n<p><strong>H\u00e9bergements CROUS &#8211; Chambres Cit\u00e9 U <\/strong><br>espace-avenir-jnoip2025@unistra.fr<\/p>\n\n\n\n<p>Nous sommes l\u00e0 pour vous aider !<\/p>\n","protected":false},"excerpt":{"rendered":"<p>Renseignements et inscriptionsMarion OSWALDT\u00e9l : 03 68 85 65 56marion.oswald@unistra.fr H\u00e9bergements CROUS &#8211; Chambres Cit\u00e9 U espace-avenir-jnoip2025@unistra.fr Nous sommes l\u00e0 pour vous aider !<\/p>\n","protected":false},"author":1,"featured_media":0,"parent":426,"menu_order":0,"comment_status":"closed","ping_status":"closed","template":"","meta":{"footnotes":""},"class_list":["post-526","page","type-page","status-publish","hentry"],"_links":{"self":[{"href":"https:\/\/lacourroieasso.fr\/index.php\/wp-json\/wp\/v2\/pages\/526","targetHints":{"allow":["GET"]}}],"collection":[{"href":"https:\/\/lacourroieasso.fr\/index.php\/wp-json\/wp\/v2\/pages"}],"about":[{"href":"https:\/\/lacourroieasso.fr\/index.php\/wp-json\/wp\/v2\/types\/page"}],"author":[{"embeddable":true,"href":"https:\/\/lacourroieasso.fr\/index.php\/wp-json\/wp\/v2\/users\/1"}],"replies":[{"embeddable":true,"href":"https:\/\/lacourroieasso.fr\/index.php\/wp-json\/wp\/v2\/comments?post=526"}],"version-history":[{"count":6,"href":"https:\/\/lacourroieasso.fr\/index.php\/wp-json\/wp\/v2\/pages\/526\/revisions"}],"predecessor-version":[{"id":746,"href":"https:\/\/lacourroieasso.fr\/index.php\/wp-json\/wp\/v2\/pages\/526\/revisions\/746"}],"up":[{"embeddable":true,"href":"https:\/\/lacourroieasso.fr\/index.php\/wp-json\/wp\/v2\/pages\/426"}],"wp:attachment":[{"href":"https:\/\/lacourroieasso.fr\/index.php\/wp-json\/wp\/v2\/media?parent=526"}],"curies":[{"name":"wp","href":"https:\/\/api.w.org\/{rel}","templated":true}]}}