{"id":451,"date":"2024-09-23T15:05:11","date_gmt":"2024-09-23T13:05:11","guid":{"rendered":"https:\/\/lacourroieasso.fr\/?page_id=451"},"modified":"2025-11-18T10:56:08","modified_gmt":"2025-11-18T09:56:08","slug":"inscriptions","status":"publish","type":"page","link":"https:\/\/lacourroieasso.fr\/index.php\/jnoip-2025\/inscriptions\/","title":{"rendered":"Inscriptions"},"content":{"rendered":"\n<div class=\"wp-block-buttons is-content-justification-center is-layout-flex wp-container-core-buttons-is-layout-16018d1d wp-block-buttons-is-layout-flex\">\n<div class=\"wp-block-button is-style-fill\"><a class=\"wp-block-button__link has-background wp-element-button\" href=\"https:\/\/app.agoraevent.fr\/inscription\/?tkn=usj97tswWzkKuMLXTk0w7A%3d%3d\" style=\"background-color:#1057a4\"><strong><mark style=\"background-color:rgba(0, 0, 0, 0)\" class=\"has-inline-color has-white-color\">Inscription JNOIP 2025<\/mark><\/strong><\/a><\/div>\n<\/div>\n\n\n\n<p class=\"bloc-cache\"><\/p>\n\n\n\n<div class=\"wp-block-group bloc-cache\"><div class=\"wp-block-group__inner-container is-layout-constrained wp-block-group-is-layout-constrained\"><\/div><\/div>\n\n\n\n<hr class=\"wp-block-separator has-alpha-channel-opacity bloc-cache\"\/>\n\n\n\n<h4 class=\"wp-block-heading\"><strong>Tarifs 2025 (pour une inscription avant le 30\/04) :<\/strong><\/h4>\n\n\n\n<p>&#8211; Prix : 90\u20ac pour les 3 jours<br><br>&#8211; Soir\u00e9e de gala (pour manger un St\u00fcck<sup data-fn=\"ea3051b7-cca0-4b53-9efb-43447db996f1\" class=\"fn\"><a href=\"#ea3051b7-cca0-4b53-9efb-43447db996f1\" id=\"ea3051b7-cca0-4b53-9efb-43447db996f1-link\">1<\/a><\/sup> et boire un Schluck<sup data-fn=\"c5eea1b6-ecc3-4663-872b-7376a631c0b4\" class=\"fn\"><a href=\"#c5eea1b6-ecc3-4663-872b-7376a631c0b4\" id=\"c5eea1b6-ecc3-4663-872b-7376a631c0b4-link\">2<\/a><\/sup>) : 60\u20ac <br><br>Soit un total de 150 euros\/personne.<br><em><br>ATTENTION : apr\u00e8s le 30 avril, le tarif de l&rsquo;inscription passera de 90 \u00e0 140 euros pour les 3 jours de conf\u00e9rences, soit un total de 200 euros par personne avec le gala.<\/em><br><br><mark style=\"background-color:rgba(0, 0, 0, 0);color:#ff0000\" class=\"has-inline-color\"><strong>Cl\u00f4ture des inscriptions le 16\/06<\/strong>.<\/mark><\/p>\n\n\n<ol class=\"bloc-cache wp-block-footnotes\"><li id=\"ea3051b7-cca0-4b53-9efb-43447db996f1\">un bout <a href=\"#ea3051b7-cca0-4b53-9efb-43447db996f1-link\" aria-label=\"Aller \u00e0 la note de bas de page 1\">\u21a9\ufe0e<\/a><\/li><li id=\"c5eea1b6-ecc3-4663-872b-7376a631c0b4\">un coup <a href=\"#c5eea1b6-ecc3-4663-872b-7376a631c0b4-link\" aria-label=\"Aller \u00e0 la note de bas de page 2\">\u21a9\ufe0e<\/a><\/li><\/ol>\n\n\n<p><\/p>\n","protected":false},"excerpt":{"rendered":"<p>Tarifs 2025 (pour une inscription avant le 30\/04) : &#8211; Prix : 90\u20ac pour les 3 jours &#8211; Soir\u00e9e de gala (pour manger un St\u00fcck et boire un Schluck) : 60\u20ac Soit un total de 150 euros\/personne.ATTENTION : apr\u00e8s le &hellip; <a href=\"https:\/\/lacourroieasso.fr\/index.php\/jnoip-2025\/inscriptions\/\">Continuer la lecture <span class=\"meta-nav\">&rarr;<\/span><\/a><\/p>\n","protected":false},"author":1,"featured_media":0,"parent":426,"menu_order":0,"comment_status":"closed","ping_status":"closed","template":"","meta":{"footnotes":"[{\"content\":\"un bout\",\"id\":\"ea3051b7-cca0-4b53-9efb-43447db996f1\"},{\"content\":\"un coup\",\"id\":\"c5eea1b6-ecc3-4663-872b-7376a631c0b4\"}]"},"class_list":["post-451","page","type-page","status-publish","hentry"],"_links":{"self":[{"href":"https:\/\/lacourroieasso.fr\/index.php\/wp-json\/wp\/v2\/pages\/451","targetHints":{"allow":["GET"]}}],"collection":[{"href":"https:\/\/lacourroieasso.fr\/index.php\/wp-json\/wp\/v2\/pages"}],"about":[{"href":"https:\/\/lacourroieasso.fr\/index.php\/wp-json\/wp\/v2\/types\/page"}],"author":[{"embeddable":true,"href":"https:\/\/lacourroieasso.fr\/index.php\/wp-json\/wp\/v2\/users\/1"}],"replies":[{"embeddable":true,"href":"https:\/\/lacourroieasso.fr\/index.php\/wp-json\/wp\/v2\/comments?post=451"}],"version-history":[{"count":72,"href":"https:\/\/lacourroieasso.fr\/index.php\/wp-json\/wp\/v2\/pages\/451\/revisions"}],"predecessor-version":[{"id":1280,"href":"https:\/\/lacourroieasso.fr\/index.php\/wp-json\/wp\/v2\/pages\/451\/revisions\/1280"}],"up":[{"embeddable":true,"href":"https:\/\/lacourroieasso.fr\/index.php\/wp-json\/wp\/v2\/pages\/426"}],"wp:attachment":[{"href":"https:\/\/lacourroieasso.fr\/index.php\/wp-json\/wp\/v2\/media?parent=451"}],"curies":[{"name":"wp","href":"https:\/\/api.w.org\/{rel}","templated":true}]}}