{"id":426,"date":"2024-09-23T14:23:00","date_gmt":"2024-09-23T12:23:00","guid":{"rendered":"http:\/\/lacourroieasso.fr\/?page_id=426"},"modified":"2026-03-20T14:23:36","modified_gmt":"2026-03-20T13:23:36","slug":"jnoip-2025","status":"publish","type":"page","link":"https:\/\/lacourroieasso.fr\/index.php\/jnoip-2025\/","title":{"rendered":"JNOIP 2025"},"content":{"rendered":"\n<figure class=\"wp-block-pullquote\"><blockquote><p><mark style=\"background-color:rgba(0, 0, 0, 0);color:#004a95\" class=\"has-inline-color\">Journ\u00e9es nationales de l&rsquo;orientation <br>et de l&rsquo;insertion professionnelle : <\/mark><\/p><cite><mark style=\"background-color:rgba(0, 0, 0, 0)\" class=\"has-inline-color has-blue-color\">IntelligenceS, \u00e9volutions <br>des parcours et des pratiques<\/mark><\/cite><\/blockquote><\/figure>\n\n\n\n<h2 class=\"wp-block-heading has-text-align-center\" style=\"font-size:18px\">Les JNOIP auront lieu les 2, 3 et 4 juillet 2025 \u00e0 Strasbourg.<\/h2>\n\n\n\n<p class=\"has-medium-font-size\">> <a href=\"https:\/\/lacourroieasso.fr\/index.php\/jnoip-2025\/retour-sur-les-jnoip-2025\/\" data-type=\"page\" data-id=\"437\">Retour sur les JNOIP 2025<\/a><\/p>\n\n\n\n<h2 class=\"wp-block-heading\" style=\"font-size:22px\">&gt; <a href=\"https:\/\/lacourroieasso.fr\/index.php\/jnoip-2025\/programme-et-organisateurs\/\" data-type=\"page\" data-id=\"437\">Programme et organisateurs<\/a><\/h2>\n\n\n\n<h2 class=\"wp-block-heading\" style=\"font-size:22px\">&gt; <a href=\"https:\/\/lacourroieasso.fr\/index.php\/jnoip-2025\/inscriptions\/\" data-type=\"page\" data-id=\"451\">Inscriptions<\/a><\/h2>\n\n\n\n<p style=\"font-size:22px\">&gt; <a href=\"https:\/\/lacourroieasso.fr\/index.php\/jnoip-2025\/hebergement\/\" data-type=\"page\" data-id=\"451\">H\u00e9bergements<\/a><\/p>\n\n\n\n<h2 class=\"wp-block-heading\" style=\"font-size:22px\">&gt; <a href=\"https:\/\/lacourroieasso.fr\/index.php\/jnoip-2025\/infos-pratiques\/\" data-type=\"page\" data-id=\"487\">Infos pratiques<\/a><\/h2>\n\n\n\n<h2 class=\"wp-block-heading\" style=\"font-size:22px\">&gt; <a href=\"https:\/\/lacourroieasso.fr\/index.php\/jnoip-2025\/contact\/\" data-type=\"page\" data-id=\"526\">Contact<\/a><\/h2>\n\n\n\n<blockquote class=\"wp-block-quote is-layout-flow wp-block-quote-is-layout-flow\">\n<p><\/p>\n<\/blockquote>\n\n\n\n<p><\/p>\n","protected":false},"excerpt":{"rendered":"<p>Journ\u00e9es nationales de l&rsquo;orientation et de l&rsquo;insertion professionnelle : IntelligenceS, \u00e9volutions des parcours et des pratiques Les JNOIP auront lieu les 2, 3 et 4 juillet 2025 \u00e0 Strasbourg. > Retour sur les JNOIP 2025 &gt; Programme et organisateurs &gt; &hellip; <a href=\"https:\/\/lacourroieasso.fr\/index.php\/jnoip-2025\/\">Continuer la lecture <span class=\"meta-nav\">&rarr;<\/span><\/a><\/p>\n","protected":false},"author":1,"featured_media":0,"parent":0,"menu_order":0,"comment_status":"closed","ping_status":"closed","template":"","meta":{"footnotes":""},"class_list":["post-426","page","type-page","status-publish","hentry"],"_links":{"self":[{"href":"https:\/\/lacourroieasso.fr\/index.php\/wp-json\/wp\/v2\/pages\/426","targetHints":{"allow":["GET"]}}],"collection":[{"href":"https:\/\/lacourroieasso.fr\/index.php\/wp-json\/wp\/v2\/pages"}],"about":[{"href":"https:\/\/lacourroieasso.fr\/index.php\/wp-json\/wp\/v2\/types\/page"}],"author":[{"embeddable":true,"href":"https:\/\/lacourroieasso.fr\/index.php\/wp-json\/wp\/v2\/users\/1"}],"replies":[{"embeddable":true,"href":"https:\/\/lacourroieasso.fr\/index.php\/wp-json\/wp\/v2\/comments?post=426"}],"version-history":[{"count":20,"href":"https:\/\/lacourroieasso.fr\/index.php\/wp-json\/wp\/v2\/pages\/426\/revisions"}],"predecessor-version":[{"id":1110,"href":"https:\/\/lacourroieasso.fr\/index.php\/wp-json\/wp\/v2\/pages\/426\/revisions\/1110"}],"wp:attachment":[{"href":"https:\/\/lacourroieasso.fr\/index.php\/wp-json\/wp\/v2\/media?parent=426"}],"curies":[{"name":"wp","href":"https:\/\/api.w.org\/{rel}","templated":true}]}}